{"id":44,"date":"2025-04-20T20:42:17","date_gmt":"2025-04-20T18:42:17","guid":{"rendered":"https:\/\/jaunozoli.lv\/?page_id=44"},"modified":"2025-08-31T15:06:19","modified_gmt":"2025-08-31T13:06:19","slug":"par-projektu","status":"publish","type":"page","link":"https:\/\/jaunozoli.lv\/en\/par-projektu\/","title":{"rendered":"Building Plots in Iecava \u2013 Jaunozoli Project"},"content":{"rendered":"<div data-elementor-type=\"wp-page\" data-elementor-id=\"44\" class=\"elementor elementor-44\">\n\t\t\t\t<div class=\"elementor-element elementor-element-3b3ea58 e-flex e-con-boxed e-con e-parent\" data-id=\"3b3ea58\" data-element_type=\"container\" data-e-type=\"container\">\n\t\t\t\t\t<div class=\"e-con-inner\">\n\t\t\t\t<div class=\"elementor-element elementor-element-d468f52 elementor-widget elementor-widget-image\" data-id=\"d468f52\" data-element_type=\"widget\" data-e-type=\"widget\" data-widget_type=\"image.default\">\n\t\t\t\t<div class=\"elementor-widget-container\">\n\t\t\t\t\t\t\t\t\t\t\t\t\t\t\t<img fetchpriority=\"high\" decoding=\"async\" width=\"800\" height=\"281\" src=\"https:\/\/jaunozoli.lv\/wp-content\/uploads\/2025\/05\/jaunozoli-1-1.jpg\" class=\"attachment-large size-large wp-image-185\" alt=\"Jaunozoli - apb\u016bves gabali\" srcset=\"https:\/\/jaunozoli.lv\/wp-content\/uploads\/2025\/05\/jaunozoli-1-1.jpg 800w, https:\/\/jaunozoli.lv\/wp-content\/uploads\/2025\/05\/jaunozoli-1-1-300x105.jpg 300w, https:\/\/jaunozoli.lv\/wp-content\/uploads\/2025\/05\/jaunozoli-1-1-768x270.jpg 768w\" sizes=\"(max-width: 800px) 100vw, 800px\" \/>\t\t\t\t\t\t\t\t\t\t\t\t\t\t\t<\/div>\n\t\t\t\t<\/div>\n\t\t\t\t\t<\/div>\n\t\t\t\t<\/div>\n\t\t<div class=\"elementor-element elementor-element-1b8a1301 e-flex e-con-boxed e-con e-parent\" data-id=\"1b8a1301\" data-element_type=\"container\" data-e-type=\"container\">\n\t\t\t\t\t<div class=\"e-con-inner\">\n\t\t\t\t<div class=\"elementor-element elementor-element-45ba9bd7 elementor-widget elementor-widget-text-editor\" data-id=\"45ba9bd7\" data-element_type=\"widget\" data-e-type=\"widget\" data-widget_type=\"text-editor.default\">\n\t\t\t\t<div class=\"elementor-widget-container\">\n\t\t\t\t\t\t\t\t\t\n<h3 class=\"wp-block-heading\"><strong>Land for a private home in Iecava \u2013 a profitable investment for the future<\/strong><\/h3>\n\n<p>We offer the opportunity to purchase land for a <em><strong><strong>private home<\/strong><\/strong><\/em> in the Iecava city area, where a new development project has been launched. A total of 12 hectares of land will be divided into functional building plots, designated for private home construction in accordance with Iecava\u2019s city detailed plan. The project is currently in its initial phase, making plot prices particularly attractive. <strong>This is a chance to invest in the future, as property values in this area are expected to significantly increase.<\/strong> \u0160\u012b ir iesp\u0113ja ieguld\u012bt n\u0101kotn\u0113, kad \u012bpa\u0161umu v\u0113rt\u012bba \u0161aj\u0101 apvid\u016b iev\u0113rojami pieaugs.<\/p>\n\n<p>The project boasts <strong>an excellent location <\/strong>\u2013 near the P92 (Iecava\u2013Stelpe) road, just a few kilometers from the site where, according to the Rail Baltica project, a high-speed train station will be built. This station will be part of an international railway line connecting the Baltic States with Western Europe. Additionally, a modern highway nearby will provide quick access to Riga, other Latvian cities, and European destinations.<\/p>\n\n<p>According to <em>Rail Baltica<\/em> information, the planned stop near Iecava will be part of the Riga-Lithuania connection segment. More details about <em>Rail Baltica<\/em> development can be found on the official website: <a class=\"\" href=\"https:\/\/www.railbaltica.org\/\">railbaltica.org<\/a>. The project envisages not only passenger transport but also logistics development in the regions, further enhancing the surrounding infrastructure.<\/p>\n\n<p>The building plots in this project will vary in size, starting from 1,500 m\u00b2, offering options for owners with different needs. The area is located in a green, quiet region, ideally suited for living close to nature<\/p>\n\n<p>Land in this area is becoming increasingly sought after, thanks to both the <em>Rail Baltica<\/em> project and the growing interest in living outside major city centers. This is an opportunity to purchase property at the lowest price while the project is still in its early stages. As demand grows and transport infrastructure develops, the value of the land will significantly increase.<\/p>\n\n<p>This investment is a long-term solution that combines comfort, potential profit, and quality of life. Whether you\u2019re looking for a place for your family home or want to invest in a developing area, this project in Iecava offers a stable and promising opportunity. By purchasing land today, you\u2019re not only acquiring property but also future value.<\/p>\n\t\t\t\t\t\t\t\t<\/div>\n\t\t\t\t<\/div>\n\t\t\t\t\t<\/div>\n\t\t\t\t<\/div>\n\t\t<div class=\"elementor-element elementor-element-90f8558 e-flex e-con-boxed e-con e-parent\" data-id=\"90f8558\" data-element_type=\"container\" data-e-type=\"container\">\n\t\t\t\t\t<div class=\"e-con-inner\">\n\t\t\t\t<div class=\"elementor-element elementor-element-ad425f9 elementor-widget elementor-widget-image\" data-id=\"ad425f9\" data-element_type=\"widget\" data-e-type=\"widget\" data-widget_type=\"image.default\">\n\t\t\t\t<div class=\"elementor-widget-container\">\n\t\t\t\t\t\t\t\t\t\t\t\t\t\t\t<img decoding=\"async\" width=\"800\" height=\"800\" src=\"https:\/\/jaunozoli.lv\/wp-content\/uploads\/2025\/08\/jaunozoli.jpg\" class=\"attachment-large size-large wp-image-312\" alt=\"Jaunozoli\" srcset=\"https:\/\/jaunozoli.lv\/wp-content\/uploads\/2025\/08\/jaunozoli.jpg 800w, https:\/\/jaunozoli.lv\/wp-content\/uploads\/2025\/08\/jaunozoli-300x300.jpg 300w, https:\/\/jaunozoli.lv\/wp-content\/uploads\/2025\/08\/jaunozoli-150x150.jpg 150w, https:\/\/jaunozoli.lv\/wp-content\/uploads\/2025\/08\/jaunozoli-768x768.jpg 768w, https:\/\/jaunozoli.lv\/wp-content\/uploads\/2025\/08\/jaunozoli-12x12.jpg 12w\" sizes=\"(max-width: 800px) 100vw, 800px\" \/>\t\t\t\t\t\t\t\t\t\t\t\t\t\t\t<\/div>\n\t\t\t\t<\/div>\n\t\t\t\t\t<\/div>\n\t\t\t\t<\/div>\n\t\t<div class=\"elementor-element elementor-element-9aae0a4 e-flex e-con-boxed e-con e-parent\" data-id=\"9aae0a4\" data-element_type=\"container\" data-e-type=\"container\">\n\t\t\t\t\t<div class=\"e-con-inner\">\n\t\t\t\t<div class=\"elementor-element elementor-element-2bda651 elementor-widget elementor-widget-text-editor\" data-id=\"2bda651\" data-element_type=\"widget\" data-e-type=\"widget\" data-widget_type=\"text-editor.default\">\n\t\t\t\t<div class=\"elementor-widget-container\">\n\t\t\t\t\t\t\t\t\t<h4 class=\"wp-block-heading\">Contact us to learn more or reserve the most suitable building plot for you!<\/h4>\n<h4 class=\"wp-block-heading\"><!-- \/wp:heading --><!-- wp:paragraph --><\/h4>\n<p>\ud83d\udc49 <a href=\"https:\/\/jaunozoli.lv\/en\/piedavajums-cena\/\">View Available Plots and Learn More!<\/a><\/p>\t\t\t\t\t\t\t\t<\/div>\n\t\t\t\t<\/div>\n\t\t\t\t\t<\/div>\n\t\t\t\t<\/div>\n\t\t\t\t<\/div>","protected":false},"excerpt":{"rendered":"<p>Zeme priv\u0101tm\u0101jai Iecav\u0101 \u2013 izdev\u012bga invest\u012bcija n\u0101kotnei Pied\u0101v\u0101jam iesp\u0113ju ieg\u0101d\u0101ties zemi priv\u0101tm\u0101jai Iecavas pils\u0113tas teritorij\u0101, kur uzs\u0101kts jauns apb\u016bves projekts. Kopum\u0101 pl\u0101nots sadal\u012bt 12 hekt\u0101rus&hellip;<\/p>","protected":false},"author":1,"featured_media":181,"parent":0,"menu_order":0,"comment_status":"closed","ping_status":"closed","template":"","meta":{"footnotes":""},"class_list":["post-44","page","type-page","status-publish","has-post-thumbnail","hentry"],"yoast_head":"<!-- This site is optimized with the Yoast SEO plugin v27.1.1 - https:\/\/yoast.com\/product\/yoast-seo-wordpress\/ -->\n<title>Par zemes gabalu projektu Iecav\u0101 - Apb\u016bves gabali Iecav\u0101<\/title>\n<meta name=\"description\" content=\"Pied\u0101v\u0101jam iesp\u0113ju ieg\u0101d\u0101ties zemi priv\u0101tm\u0101jai Iecavas pils\u0113tas teritorij\u0101, kur uzs\u0101kts jauns apb\u016bves projekts.\" \/>\n<meta name=\"robots\" content=\"index, follow, max-snippet:-1, max-image-preview:large, max-video-preview:-1\" \/>\n<link rel=\"canonical\" href=\"https:\/\/jaunozoli.lv\/en\/par-projektu\/\" \/>\n<meta property=\"og:locale\" content=\"en_US\" \/>\n<meta property=\"og:type\" content=\"article\" \/>\n<meta property=\"og:title\" content=\"Par zemes gabalu projektu Iecav\u0101 - Apb\u016bves gabali Iecav\u0101\" \/>\n<meta property=\"og:description\" content=\"Pied\u0101v\u0101jam iesp\u0113ju ieg\u0101d\u0101ties zemi priv\u0101tm\u0101jai Iecavas pils\u0113tas teritorij\u0101, kur uzs\u0101kts jauns apb\u016bves projekts.\" \/>\n<meta property=\"og:url\" content=\"https:\/\/jaunozoli.lv\/en\/par-projektu\/\" \/>\n<meta property=\"og:site_name\" content=\"Apb\u016bves gabali Iecav\u0101\" \/>\n<meta property=\"article:modified_time\" content=\"2025-08-31T13:06:19+00:00\" \/>\n<meta property=\"og:image\" content=\"http:\/\/jaunozoli.lv\/wp-content\/uploads\/2025\/05\/jaunozoli-1-min.jpg\" \/>\n\t<meta property=\"og:image:width\" content=\"800\" \/>\n\t<meta property=\"og:image:height\" content=\"600\" \/>\n\t<meta property=\"og:image:type\" content=\"image\/jpeg\" \/>\n<meta name=\"twitter:card\" content=\"summary_large_image\" \/>\n<meta name=\"twitter:label1\" content=\"Est. reading time\" \/>\n\t<meta name=\"twitter:data1\" content=\"3 minutes\" \/>\n<script type=\"application\/ld+json\" class=\"yoast-schema-graph\">{\"@context\":\"https:\/\/schema.org\",\"@graph\":[{\"@type\":[\"Article\",\"Report\"],\"@id\":\"https:\/\/jaunozoli.lv\/par-projektu\/#article\",\"isPartOf\":{\"@id\":\"https:\/\/jaunozoli.lv\/par-projektu\/\"},\"author\":{\"name\":\"Jaunozoli\",\"@id\":\"https:\/\/jaunozoli.lv\/#\/schema\/person\/ba25ea7d048c36bd6e027f2cdc0c65b5\"},\"headline\":\"Par zemes gabalu projektu Iecav\u0101\",\"datePublished\":\"2025-04-20T18:42:17+00:00\",\"dateModified\":\"2025-08-31T13:06:19+00:00\",\"mainEntityOfPage\":{\"@id\":\"https:\/\/jaunozoli.lv\/par-projektu\/\"},\"wordCount\":459,\"publisher\":{\"@id\":\"https:\/\/jaunozoli.lv\/#\/schema\/person\/ba25ea7d048c36bd6e027f2cdc0c65b5\"},\"image\":{\"@id\":\"https:\/\/jaunozoli.lv\/par-projektu\/#primaryimage\"},\"thumbnailUrl\":\"https:\/\/jaunozoli.lv\/wp-content\/uploads\/2025\/05\/jaunozoli-1-min.jpg\",\"inLanguage\":\"en-US\"},{\"@type\":[\"WebPage\",\"RealEstateListing\"],\"@id\":\"https:\/\/jaunozoli.lv\/par-projektu\/\",\"url\":\"https:\/\/jaunozoli.lv\/par-projektu\/\",\"name\":\"Par zemes gabalu projektu Iecav\u0101 - Apb\u016bves gabali Iecav\u0101\",\"isPartOf\":{\"@id\":\"https:\/\/jaunozoli.lv\/#website\"},\"primaryImageOfPage\":{\"@id\":\"https:\/\/jaunozoli.lv\/par-projektu\/#primaryimage\"},\"image\":{\"@id\":\"https:\/\/jaunozoli.lv\/par-projektu\/#primaryimage\"},\"thumbnailUrl\":\"https:\/\/jaunozoli.lv\/wp-content\/uploads\/2025\/05\/jaunozoli-1-min.jpg\",\"datePublished\":\"2025-04-20T18:42:17+00:00\",\"dateModified\":\"2025-08-31T13:06:19+00:00\",\"description\":\"Pied\u0101v\u0101jam iesp\u0113ju ieg\u0101d\u0101ties zemi priv\u0101tm\u0101jai Iecavas pils\u0113tas teritorij\u0101, kur uzs\u0101kts jauns apb\u016bves projekts.\",\"breadcrumb\":{\"@id\":\"https:\/\/jaunozoli.lv\/par-projektu\/#breadcrumb\"},\"inLanguage\":\"en-US\",\"potentialAction\":[{\"@type\":\"ReadAction\",\"target\":[\"https:\/\/jaunozoli.lv\/par-projektu\/\"]}]},{\"@type\":\"ImageObject\",\"inLanguage\":\"en-US\",\"@id\":\"https:\/\/jaunozoli.lv\/par-projektu\/#primaryimage\",\"url\":\"https:\/\/jaunozoli.lv\/wp-content\/uploads\/2025\/05\/jaunozoli-1-min.jpg\",\"contentUrl\":\"https:\/\/jaunozoli.lv\/wp-content\/uploads\/2025\/05\/jaunozoli-1-min.jpg\",\"width\":800,\"height\":600,\"caption\":\"Jaunozoli-1\"},{\"@type\":\"BreadcrumbList\",\"@id\":\"https:\/\/jaunozoli.lv\/par-projektu\/#breadcrumb\",\"itemListElement\":[{\"@type\":\"ListItem\",\"position\":1,\"name\":\"S\u0101kums\",\"item\":\"https:\/\/jaunozoli.lv\/\"},{\"@type\":\"ListItem\",\"position\":2,\"name\":\"Par zemes gabalu projektu Iecav\u0101\"}]},{\"@type\":\"WebSite\",\"@id\":\"https:\/\/jaunozoli.lv\/#website\",\"url\":\"https:\/\/jaunozoli.lv\/\",\"name\":\"Apb\u016bves gabali Iecav\u0101\",\"description\":\"Tavs jaunais m\u0101joklis s\u0101kas \u0161eit!\",\"publisher\":{\"@id\":\"https:\/\/jaunozoli.lv\/#\/schema\/person\/ba25ea7d048c36bd6e027f2cdc0c65b5\"},\"alternateName\":\"apb\u016bves gabali Iecava, zeme Iecav\u0101, zemes gabali Iecav\u0101, Iecava gabali\",\"potentialAction\":[{\"@type\":\"SearchAction\",\"target\":{\"@type\":\"EntryPoint\",\"urlTemplate\":\"https:\/\/jaunozoli.lv\/?s={search_term_string}\"},\"query-input\":{\"@type\":\"PropertyValueSpecification\",\"valueRequired\":true,\"valueName\":\"search_term_string\"}}],\"inLanguage\":\"en-US\"},{\"@type\":[\"Person\",\"Organization\"],\"@id\":\"https:\/\/jaunozoli.lv\/#\/schema\/person\/ba25ea7d048c36bd6e027f2cdc0c65b5\",\"name\":\"Jaunozoli\",\"image\":{\"@type\":\"ImageObject\",\"inLanguage\":\"en-US\",\"@id\":\"https:\/\/jaunozoli.lv\/#\/schema\/person\/image\/\",\"url\":\"https:\/\/jaunozoli.lv\/wp-content\/uploads\/2025\/12\/cropped-cropped-jaunozoli.png\",\"contentUrl\":\"https:\/\/jaunozoli.lv\/wp-content\/uploads\/2025\/12\/cropped-cropped-jaunozoli.png\",\"width\":512,\"height\":512,\"caption\":\"Jaunozoli\"},\"logo\":{\"@id\":\"https:\/\/jaunozoli.lv\/#\/schema\/person\/image\/\"},\"sameAs\":[\"http:\/\/jaunozoli.lv\"],\"url\":\"https:\/\/jaunozoli.lv\/en\/author\/arturs-vaveregmail-com\/\"}]}<\/script>\n<!-- \/ Yoast SEO plugin. -->","yoast_head_json":{"title":"Par zemes gabalu projektu Iecav\u0101 - Apb\u016bves gabali Iecav\u0101","description":"Pied\u0101v\u0101jam iesp\u0113ju ieg\u0101d\u0101ties zemi priv\u0101tm\u0101jai Iecavas pils\u0113tas teritorij\u0101, kur uzs\u0101kts jauns apb\u016bves projekts.","robots":{"index":"index","follow":"follow","max-snippet":"max-snippet:-1","max-image-preview":"max-image-preview:large","max-video-preview":"max-video-preview:-1"},"canonical":"https:\/\/jaunozoli.lv\/en\/par-projektu\/","og_locale":"en_US","og_type":"article","og_title":"Par zemes gabalu projektu Iecav\u0101 - Apb\u016bves gabali Iecav\u0101","og_description":"Pied\u0101v\u0101jam iesp\u0113ju ieg\u0101d\u0101ties zemi priv\u0101tm\u0101jai Iecavas pils\u0113tas teritorij\u0101, kur uzs\u0101kts jauns apb\u016bves projekts.","og_url":"https:\/\/jaunozoli.lv\/en\/par-projektu\/","og_site_name":"Apb\u016bves gabali Iecav\u0101","article_modified_time":"2025-08-31T13:06:19+00:00","og_image":[{"width":800,"height":600,"url":"http:\/\/jaunozoli.lv\/wp-content\/uploads\/2025\/05\/jaunozoli-1-min.jpg","type":"image\/jpeg"}],"twitter_card":"summary_large_image","twitter_misc":{"Est. reading time":"3 minutes"},"schema":{"@context":"https:\/\/schema.org","@graph":[{"@type":["Article","Report"],"@id":"https:\/\/jaunozoli.lv\/par-projektu\/#article","isPartOf":{"@id":"https:\/\/jaunozoli.lv\/par-projektu\/"},"author":{"name":"Jaunozoli","@id":"https:\/\/jaunozoli.lv\/#\/schema\/person\/ba25ea7d048c36bd6e027f2cdc0c65b5"},"headline":"Par zemes gabalu projektu Iecav\u0101","datePublished":"2025-04-20T18:42:17+00:00","dateModified":"2025-08-31T13:06:19+00:00","mainEntityOfPage":{"@id":"https:\/\/jaunozoli.lv\/par-projektu\/"},"wordCount":459,"publisher":{"@id":"https:\/\/jaunozoli.lv\/#\/schema\/person\/ba25ea7d048c36bd6e027f2cdc0c65b5"},"image":{"@id":"https:\/\/jaunozoli.lv\/par-projektu\/#primaryimage"},"thumbnailUrl":"https:\/\/jaunozoli.lv\/wp-content\/uploads\/2025\/05\/jaunozoli-1-min.jpg","inLanguage":"en-US"},{"@type":["WebPage","RealEstateListing"],"@id":"https:\/\/jaunozoli.lv\/par-projektu\/","url":"https:\/\/jaunozoli.lv\/par-projektu\/","name":"Par zemes gabalu projektu Iecav\u0101 - Apb\u016bves gabali Iecav\u0101","isPartOf":{"@id":"https:\/\/jaunozoli.lv\/#website"},"primaryImageOfPage":{"@id":"https:\/\/jaunozoli.lv\/par-projektu\/#primaryimage"},"image":{"@id":"https:\/\/jaunozoli.lv\/par-projektu\/#primaryimage"},"thumbnailUrl":"https:\/\/jaunozoli.lv\/wp-content\/uploads\/2025\/05\/jaunozoli-1-min.jpg","datePublished":"2025-04-20T18:42:17+00:00","dateModified":"2025-08-31T13:06:19+00:00","description":"Pied\u0101v\u0101jam iesp\u0113ju ieg\u0101d\u0101ties zemi priv\u0101tm\u0101jai Iecavas pils\u0113tas teritorij\u0101, kur uzs\u0101kts jauns apb\u016bves projekts.","breadcrumb":{"@id":"https:\/\/jaunozoli.lv\/par-projektu\/#breadcrumb"},"inLanguage":"en-US","potentialAction":[{"@type":"ReadAction","target":["https:\/\/jaunozoli.lv\/par-projektu\/"]}]},{"@type":"ImageObject","inLanguage":"en-US","@id":"https:\/\/jaunozoli.lv\/par-projektu\/#primaryimage","url":"https:\/\/jaunozoli.lv\/wp-content\/uploads\/2025\/05\/jaunozoli-1-min.jpg","contentUrl":"https:\/\/jaunozoli.lv\/wp-content\/uploads\/2025\/05\/jaunozoli-1-min.jpg","width":800,"height":600,"caption":"Jaunozoli-1"},{"@type":"BreadcrumbList","@id":"https:\/\/jaunozoli.lv\/par-projektu\/#breadcrumb","itemListElement":[{"@type":"ListItem","position":1,"name":"S\u0101kums","item":"https:\/\/jaunozoli.lv\/"},{"@type":"ListItem","position":2,"name":"Par zemes gabalu projektu Iecav\u0101"}]},{"@type":"WebSite","@id":"https:\/\/jaunozoli.lv\/#website","url":"https:\/\/jaunozoli.lv\/","name":"Building plots in Iecava","description":"Your new home starts here!","publisher":{"@id":"https:\/\/jaunozoli.lv\/#\/schema\/person\/ba25ea7d048c36bd6e027f2cdc0c65b5"},"alternateName":"apb\u016bves gabali Iecava, zeme Iecav\u0101, zemes gabali Iecav\u0101, Iecava gabali","potentialAction":[{"@type":"SearchAction","target":{"@type":"EntryPoint","urlTemplate":"https:\/\/jaunozoli.lv\/?s={search_term_string}"},"query-input":{"@type":"PropertyValueSpecification","valueRequired":true,"valueName":"search_term_string"}}],"inLanguage":"en-US"},{"@type":["Person","Organization"],"@id":"https:\/\/jaunozoli.lv\/#\/schema\/person\/ba25ea7d048c36bd6e027f2cdc0c65b5","name":"Jaunozoli","image":{"@type":"ImageObject","inLanguage":"en-US","@id":"https:\/\/jaunozoli.lv\/#\/schema\/person\/image\/","url":"https:\/\/jaunozoli.lv\/wp-content\/uploads\/2025\/12\/cropped-cropped-jaunozoli.png","contentUrl":"https:\/\/jaunozoli.lv\/wp-content\/uploads\/2025\/12\/cropped-cropped-jaunozoli.png","width":512,"height":512,"caption":"Jaunozoli"},"logo":{"@id":"https:\/\/jaunozoli.lv\/#\/schema\/person\/image\/"},"sameAs":["http:\/\/jaunozoli.lv"],"url":"https:\/\/jaunozoli.lv\/en\/author\/arturs-vaveregmail-com\/"}]}},"_links":{"self":[{"href":"https:\/\/jaunozoli.lv\/en\/wp-json\/wp\/v2\/pages\/44","targetHints":{"allow":["GET"]}}],"collection":[{"href":"https:\/\/jaunozoli.lv\/en\/wp-json\/wp\/v2\/pages"}],"about":[{"href":"https:\/\/jaunozoli.lv\/en\/wp-json\/wp\/v2\/types\/page"}],"author":[{"embeddable":true,"href":"https:\/\/jaunozoli.lv\/en\/wp-json\/wp\/v2\/users\/1"}],"replies":[{"embeddable":true,"href":"https:\/\/jaunozoli.lv\/en\/wp-json\/wp\/v2\/comments?post=44"}],"version-history":[{"count":19,"href":"https:\/\/jaunozoli.lv\/en\/wp-json\/wp\/v2\/pages\/44\/revisions"}],"predecessor-version":[{"id":315,"href":"https:\/\/jaunozoli.lv\/en\/wp-json\/wp\/v2\/pages\/44\/revisions\/315"}],"wp:featuredmedia":[{"embeddable":true,"href":"https:\/\/jaunozoli.lv\/en\/wp-json\/wp\/v2\/media\/181"}],"wp:attachment":[{"href":"https:\/\/jaunozoli.lv\/en\/wp-json\/wp\/v2\/media?parent=44"}],"curies":[{"name":"wp","href":"https:\/\/api.w.org\/{rel}","templated":true}]}}