{"id":17,"date":"2025-04-20T19:43:33","date_gmt":"2025-04-20T17:43:33","guid":{"rendered":"http:\/\/jaunozoli.lv\/?page_id=17"},"modified":"2025-07-06T07:46:04","modified_gmt":"2025-07-06T05:46:04","slug":"sakumlapa","status":"publish","type":"page","link":"https:\/\/jaunozoli.lv\/en\/","title":{"rendered":"Land for a Private House in Iecava"},"content":{"rendered":"<div data-elementor-type=\"wp-page\" data-elementor-id=\"17\" class=\"elementor elementor-17\">\n\t\t\t\t<div class=\"elementor-element elementor-element-ed056cf e-flex e-con-boxed e-con e-parent\" data-id=\"ed056cf\" data-element_type=\"container\" data-e-type=\"container\">\n\t\t\t\t\t<div class=\"e-con-inner\">\n\t\t\t\t<div class=\"elementor-element elementor-element-fa97d2d elementor-widget elementor-widget-image\" data-id=\"fa97d2d\" data-element_type=\"widget\" data-e-type=\"widget\" data-widget_type=\"image.default\">\n\t\t\t\t<div class=\"elementor-widget-container\">\n\t\t\t\t\t\t\t\t\t\t\t\t\t\t\t<img fetchpriority=\"high\" decoding=\"async\" width=\"800\" height=\"266\" src=\"https:\/\/jaunozoli.lv\/wp-content\/uploads\/2025\/05\/jaunozoli-apbuves-gabali-min.jpg\" class=\"attachment-large size-large wp-image-189\" alt=\"\" srcset=\"https:\/\/jaunozoli.lv\/wp-content\/uploads\/2025\/05\/jaunozoli-apbuves-gabali-min.jpg 800w, https:\/\/jaunozoli.lv\/wp-content\/uploads\/2025\/05\/jaunozoli-apbuves-gabali-min-300x100.jpg 300w, https:\/\/jaunozoli.lv\/wp-content\/uploads\/2025\/05\/jaunozoli-apbuves-gabali-min-768x255.jpg 768w\" sizes=\"(max-width: 800px) 100vw, 800px\" \/>\t\t\t\t\t\t\t\t\t\t\t\t\t\t\t<\/div>\n\t\t\t\t<\/div>\n\t\t\t\t\t<\/div>\n\t\t\t\t<\/div>\n\t\t<div class=\"elementor-element elementor-element-8be7280 e-flex e-con-boxed e-con e-parent\" data-id=\"8be7280\" data-element_type=\"container\" data-e-type=\"container\">\n\t\t\t\t\t<div class=\"e-con-inner\">\n\t\t\t\t<div class=\"elementor-element elementor-element-3322d42 elementor-widget elementor-widget-text-editor\" data-id=\"3322d42\" data-element_type=\"widget\" data-e-type=\"widget\" data-widget_type=\"text-editor.default\">\n\t\t\t\t<div class=\"elementor-widget-container\">\n\t\t\t\t\t\t\t\t\t<p>In the territory of Iecava town, next to the P92 (Iecava\u2013Stelpe) road, a new residential area is being developed, which, according to the detailed plan of Iecava town, is intended for private housing. This location offers a balance between a peaceful living environment and convenient access to major transportation routes.<\/p>\t\t\t\t\t\t\t\t<\/div>\n\t\t\t\t<\/div>\n\t\t\t\t\t<\/div>\n\t\t\t\t<\/div>\n\t\t<div class=\"elementor-element elementor-element-3e7d10d e-flex e-con-boxed e-con e-parent\" data-id=\"3e7d10d\" data-element_type=\"container\" data-e-type=\"container\">\n\t\t\t\t\t<div class=\"e-con-inner\">\n\t\t\t\t<div class=\"elementor-element elementor-element-0d0b157 elementor-widget elementor-widget-text-editor\" data-id=\"0d0b157\" data-element_type=\"widget\" data-e-type=\"widget\" data-widget_type=\"text-editor.default\">\n\t\t\t\t<div class=\"elementor-widget-container\">\n\t\t\t\t\t\t\t\t\t<h3>Project Advantages:<\/h3><ul><li><strong>Convenient Location:<\/strong> <br \/>A main highway and the upcoming Rail Baltica stop are located nearby, ensuring fast and convenient connections to Riga and other major cities.<\/li><li><strong>Good investment opportunity:<br \/><\/strong>Growing demand for private home areas in regions with good access to the capital makes this project an attractive choice for both living and long-term investments.<\/li><li><strong>Natural and peaceful environment:<br \/><\/strong>The area is located in a quiet, green zone, suitable for families and anyone seeking a peaceful lifestyle away from the hustle and bustle of the city.<\/li><\/ul>\t\t\t\t\t\t\t\t<\/div>\n\t\t\t\t<\/div>\n\t\t\t\t\t<\/div>\n\t\t\t\t<\/div>\n\t\t<div class=\"elementor-element elementor-element-a6eef8f e-flex e-con-boxed e-con e-parent\" data-id=\"a6eef8f\" data-element_type=\"container\" data-e-type=\"container\">\n\t\t\t\t\t<div class=\"e-con-inner\">\n\t\t\t\t<div class=\"elementor-element elementor-element-7f9e885 elementor-widget elementor-widget-google_maps\" data-id=\"7f9e885\" data-element_type=\"widget\" data-e-type=\"widget\" data-widget_type=\"google_maps.default\">\n\t\t\t\t<div class=\"elementor-widget-container\">\n\t\t\t\t\t\t\t<div class=\"elementor-custom-embed\">\n\t\t\t<iframe loading=\"lazy\"\n\t\t\t\t\tsrc=\"https:\/\/maps.google.com\/maps?q=56.595277%2C%2024.244932&#038;t=m&#038;z=12&#038;output=embed&#038;iwloc=near\"\n\t\t\t\t\ttitle=\"56.595277, 24.244932\"\n\t\t\t\t\taria-label=\"56.595277, 24.244932\"\n\t\t\t><\/iframe>\n\t\t<\/div>\n\t\t\t\t\t\t<\/div>\n\t\t\t\t<\/div>\n\t\t\t\t\t<\/div>\n\t\t\t\t<\/div>\n\t\t<div class=\"elementor-element elementor-element-d1e6c60 e-flex e-con-boxed e-con e-parent\" data-id=\"d1e6c60\" data-element_type=\"container\" data-e-type=\"container\">\n\t\t\t\t\t<div class=\"e-con-inner\">\n\t\t\t\t<div class=\"elementor-element elementor-element-ecbf577 elementor-widget elementor-widget-text-editor\" data-id=\"ecbf577\" data-element_type=\"widget\" data-e-type=\"widget\" data-widget_type=\"text-editor.default\">\n\t\t\t\t<div class=\"elementor-widget-container\">\n\t\t\t\t\t\t\t\t\t<p>We offer building plots for sale in <strong>Iecava,<\/strong><\/strong>a scenic and tranquil location just a 40-minute drive from Riga. The plots are suitable for private home construction, with convenient access.<\/p><p>Various plot sizes available from <strong><strong>1,500 m\u00b2 to 2,500 m\u00b2<\/strong>,<\/strong>with the option to reserve the most suitable one. An ideal location for families, peace, and living close to nature.<\/p>\t\t\t\t\t\t\t\t<\/div>\n\t\t\t\t<\/div>\n\t\t\t\t\t<\/div>\n\t\t\t\t<\/div>\n\t\t<div class=\"elementor-element elementor-element-5230804 e-flex e-con-boxed e-con e-parent\" data-id=\"5230804\" data-element_type=\"container\" data-e-type=\"container\">\n\t\t\t\t\t<div class=\"e-con-inner\">\n\t\t\t\t<div class=\"elementor-element elementor-element-8299c1c elementor-widget elementor-widget-text-editor\" data-id=\"8299c1c\" data-element_type=\"widget\" data-e-type=\"widget\" data-widget_type=\"text-editor.default\">\n\t\t\t\t<div class=\"elementor-widget-container\">\n\t\t\t\t\t\t\t\t\t<h3 style=\"text-align: center;\"><a href=\"https:\/\/jaunozoli.lv\/en\/piedavajums-cena\/\">\ud83d\udc49 View Available Plots and Learn More!<\/a><\/h3>\t\t\t\t\t\t\t\t<\/div>\n\t\t\t\t<\/div>\n\t\t\t\t\t<\/div>\n\t\t\t\t<\/div>\n\t\t\t\t<\/div>","protected":false},"excerpt":{"rendered":"<p>Iecavas pils\u0113tas teritorij\u0101, blakus P92 (Iecava\u2013Stelpe) ce\u013cam, tiek veidots jauns apb\u016bves rajons, kas atbilsto\u0161i Iecavas pils\u0113tas det\u0101lpl\u0101nam paredz\u0113ts priv\u0101tm\u0101ju apb\u016bvei. \u0160\u012b vieta pied\u0101v\u0101 l\u012bdzsvaru starp&hellip;<\/p>","protected":false},"author":1,"featured_media":0,"parent":0,"menu_order":0,"comment_status":"closed","ping_status":"closed","template":"","meta":{"footnotes":""},"class_list":["post-17","page","type-page","status-publish","hentry"],"yoast_head":"<!-- This site is optimized with the Yoast SEO plugin v27.1.1 - https:\/\/yoast.com\/product\/yoast-seo-wordpress\/ -->\n<title>Zeme priv\u0101tm\u0101jai Iecav\u0101 - Apb\u016bves gabali Iecav\u0101<\/title>\n<meta name=\"description\" content=\"Zeme priv\u0101tm\u0101jai Iecavas pils\u0113tas teritorij\u0101 \u2013 lieliska iesp\u0113ja ieg\u0101d\u0101ties \u012bpa\u0161umu topo\u0161aj\u0101 apb\u016bves rajon\u0101\" \/>\n<meta name=\"robots\" content=\"index, follow, max-snippet:-1, max-image-preview:large, max-video-preview:-1\" \/>\n<link rel=\"canonical\" href=\"https:\/\/jaunozoli.lv\/en\/\" \/>\n<meta property=\"og:locale\" content=\"en_US\" \/>\n<meta property=\"og:type\" content=\"article\" \/>\n<meta property=\"og:title\" content=\"Zeme priv\u0101tm\u0101jai Iecav\u0101 - Apb\u016bves gabali Iecav\u0101\" \/>\n<meta property=\"og:description\" content=\"Zeme priv\u0101tm\u0101jai Iecavas pils\u0113tas teritorij\u0101 \u2013 lieliska iesp\u0113ja ieg\u0101d\u0101ties \u012bpa\u0161umu topo\u0161aj\u0101 apb\u016bves rajon\u0101\" \/>\n<meta property=\"og:url\" content=\"https:\/\/jaunozoli.lv\/en\/\" \/>\n<meta property=\"og:site_name\" content=\"Apb\u016bves gabali Iecav\u0101\" \/>\n<meta property=\"article:modified_time\" content=\"2025-07-06T05:46:04+00:00\" \/>\n<meta property=\"og:image\" content=\"https:\/\/jaunozoli.lv\/wp-content\/uploads\/2025\/05\/jaunozoli-apbuves-gabali-min.jpg\" \/>\n\t<meta property=\"og:image:width\" content=\"800\" \/>\n\t<meta property=\"og:image:height\" content=\"266\" \/>\n\t<meta property=\"og:image:type\" content=\"image\/jpeg\" \/>\n<meta name=\"twitter:card\" content=\"summary_large_image\" \/>\n<meta name=\"twitter:label1\" content=\"Est. reading time\" \/>\n\t<meta name=\"twitter:data1\" content=\"2 minutes\" \/>\n<script type=\"application\/ld+json\" class=\"yoast-schema-graph\">{\"@context\":\"https:\/\/schema.org\",\"@graph\":[{\"@type\":\"Article\",\"@id\":\"https:\/\/jaunozoli.lv\/#article\",\"isPartOf\":{\"@id\":\"https:\/\/jaunozoli.lv\/\"},\"author\":{\"name\":\"Jaunozoli\",\"@id\":\"https:\/\/jaunozoli.lv\/#\/schema\/person\/ba25ea7d048c36bd6e027f2cdc0c65b5\"},\"headline\":\"Zeme priv\u0101tm\u0101jai Iecav\u0101\",\"datePublished\":\"2025-04-20T17:43:33+00:00\",\"dateModified\":\"2025-07-06T05:46:04+00:00\",\"mainEntityOfPage\":{\"@id\":\"https:\/\/jaunozoli.lv\/\"},\"wordCount\":245,\"publisher\":{\"@id\":\"https:\/\/jaunozoli.lv\/#\/schema\/person\/ba25ea7d048c36bd6e027f2cdc0c65b5\"},\"image\":{\"@id\":\"https:\/\/jaunozoli.lv\/#primaryimage\"},\"thumbnailUrl\":\"http:\/\/jaunozoli.lv\/wp-content\/uploads\/2025\/05\/jaunozoli-apbuves-gabali-min.jpg\",\"inLanguage\":\"en-US\"},{\"@type\":[\"WebPage\",\"RealEstateListing\"],\"@id\":\"https:\/\/jaunozoli.lv\/\",\"url\":\"https:\/\/jaunozoli.lv\/\",\"name\":\"Zeme priv\u0101tm\u0101jai Iecav\u0101 - Apb\u016bves gabali Iecav\u0101\",\"isPartOf\":{\"@id\":\"https:\/\/jaunozoli.lv\/#website\"},\"primaryImageOfPage\":{\"@id\":\"https:\/\/jaunozoli.lv\/#primaryimage\"},\"image\":{\"@id\":\"https:\/\/jaunozoli.lv\/#primaryimage\"},\"thumbnailUrl\":\"http:\/\/jaunozoli.lv\/wp-content\/uploads\/2025\/05\/jaunozoli-apbuves-gabali-min.jpg\",\"datePublished\":\"2025-04-20T17:43:33+00:00\",\"dateModified\":\"2025-07-06T05:46:04+00:00\",\"description\":\"Zeme priv\u0101tm\u0101jai Iecavas pils\u0113tas teritorij\u0101 \u2013 lieliska iesp\u0113ja ieg\u0101d\u0101ties \u012bpa\u0161umu topo\u0161aj\u0101 apb\u016bves rajon\u0101\",\"breadcrumb\":{\"@id\":\"https:\/\/jaunozoli.lv\/#breadcrumb\"},\"inLanguage\":\"en-US\",\"potentialAction\":[{\"@type\":\"ReadAction\",\"target\":[\"https:\/\/jaunozoli.lv\/\"]}]},{\"@type\":\"ImageObject\",\"inLanguage\":\"en-US\",\"@id\":\"https:\/\/jaunozoli.lv\/#primaryimage\",\"url\":\"http:\/\/jaunozoli.lv\/wp-content\/uploads\/2025\/05\/jaunozoli-apbuves-gabali-min.jpg\",\"contentUrl\":\"http:\/\/jaunozoli.lv\/wp-content\/uploads\/2025\/05\/jaunozoli-apbuves-gabali-min.jpg\"},{\"@type\":\"BreadcrumbList\",\"@id\":\"https:\/\/jaunozoli.lv\/#breadcrumb\",\"itemListElement\":[{\"@type\":\"ListItem\",\"position\":1,\"name\":\"S\u0101kums\",\"item\":\"https:\/\/jaunozoli.lv\/\"},{\"@type\":\"ListItem\",\"position\":2,\"name\":\"Zeme priv\u0101tm\u0101jai Iecav\u0101\"}]},{\"@type\":\"WebSite\",\"@id\":\"https:\/\/jaunozoli.lv\/#website\",\"url\":\"https:\/\/jaunozoli.lv\/\",\"name\":\"Apb\u016bves gabali Iecav\u0101\",\"description\":\"Tavs jaunais m\u0101joklis s\u0101kas \u0161eit!\",\"publisher\":{\"@id\":\"https:\/\/jaunozoli.lv\/#\/schema\/person\/ba25ea7d048c36bd6e027f2cdc0c65b5\"},\"alternateName\":\"apb\u016bves gabali Iecava, zeme Iecav\u0101, zemes gabali Iecav\u0101, Iecava gabali\",\"potentialAction\":[{\"@type\":\"SearchAction\",\"target\":{\"@type\":\"EntryPoint\",\"urlTemplate\":\"https:\/\/jaunozoli.lv\/?s={search_term_string}\"},\"query-input\":{\"@type\":\"PropertyValueSpecification\",\"valueRequired\":true,\"valueName\":\"search_term_string\"}}],\"inLanguage\":\"en-US\"},{\"@type\":[\"Person\",\"Organization\"],\"@id\":\"https:\/\/jaunozoli.lv\/#\/schema\/person\/ba25ea7d048c36bd6e027f2cdc0c65b5\",\"name\":\"Jaunozoli\",\"image\":{\"@type\":\"ImageObject\",\"inLanguage\":\"en-US\",\"@id\":\"https:\/\/jaunozoli.lv\/#\/schema\/person\/image\/\",\"url\":\"https:\/\/jaunozoli.lv\/wp-content\/uploads\/2025\/12\/cropped-cropped-jaunozoli.png\",\"contentUrl\":\"https:\/\/jaunozoli.lv\/wp-content\/uploads\/2025\/12\/cropped-cropped-jaunozoli.png\",\"width\":512,\"height\":512,\"caption\":\"Jaunozoli\"},\"logo\":{\"@id\":\"https:\/\/jaunozoli.lv\/#\/schema\/person\/image\/\"},\"sameAs\":[\"http:\/\/jaunozoli.lv\"],\"url\":\"https:\/\/jaunozoli.lv\/en\/author\/arturs-vaveregmail-com\/\"}]}<\/script>\n<!-- \/ Yoast SEO plugin. -->","yoast_head_json":{"title":"Zeme priv\u0101tm\u0101jai Iecav\u0101 - Apb\u016bves gabali Iecav\u0101","description":"Zeme priv\u0101tm\u0101jai Iecavas pils\u0113tas teritorij\u0101 \u2013 lieliska iesp\u0113ja ieg\u0101d\u0101ties \u012bpa\u0161umu topo\u0161aj\u0101 apb\u016bves rajon\u0101","robots":{"index":"index","follow":"follow","max-snippet":"max-snippet:-1","max-image-preview":"max-image-preview:large","max-video-preview":"max-video-preview:-1"},"canonical":"https:\/\/jaunozoli.lv\/en\/","og_locale":"en_US","og_type":"article","og_title":"Zeme priv\u0101tm\u0101jai Iecav\u0101 - Apb\u016bves gabali Iecav\u0101","og_description":"Zeme priv\u0101tm\u0101jai Iecavas pils\u0113tas teritorij\u0101 \u2013 lieliska iesp\u0113ja ieg\u0101d\u0101ties \u012bpa\u0161umu topo\u0161aj\u0101 apb\u016bves rajon\u0101","og_url":"https:\/\/jaunozoli.lv\/en\/","og_site_name":"Apb\u016bves gabali Iecav\u0101","article_modified_time":"2025-07-06T05:46:04+00:00","og_image":[{"width":800,"height":266,"url":"https:\/\/jaunozoli.lv\/wp-content\/uploads\/2025\/05\/jaunozoli-apbuves-gabali-min.jpg","type":"image\/jpeg"}],"twitter_card":"summary_large_image","twitter_misc":{"Est. reading time":"2 minutes"},"schema":{"@context":"https:\/\/schema.org","@graph":[{"@type":"Article","@id":"https:\/\/jaunozoli.lv\/#article","isPartOf":{"@id":"https:\/\/jaunozoli.lv\/"},"author":{"name":"Jaunozoli","@id":"https:\/\/jaunozoli.lv\/#\/schema\/person\/ba25ea7d048c36bd6e027f2cdc0c65b5"},"headline":"Zeme priv\u0101tm\u0101jai Iecav\u0101","datePublished":"2025-04-20T17:43:33+00:00","dateModified":"2025-07-06T05:46:04+00:00","mainEntityOfPage":{"@id":"https:\/\/jaunozoli.lv\/"},"wordCount":245,"publisher":{"@id":"https:\/\/jaunozoli.lv\/#\/schema\/person\/ba25ea7d048c36bd6e027f2cdc0c65b5"},"image":{"@id":"https:\/\/jaunozoli.lv\/#primaryimage"},"thumbnailUrl":"http:\/\/jaunozoli.lv\/wp-content\/uploads\/2025\/05\/jaunozoli-apbuves-gabali-min.jpg","inLanguage":"en-US"},{"@type":["WebPage","RealEstateListing"],"@id":"https:\/\/jaunozoli.lv\/","url":"https:\/\/jaunozoli.lv\/","name":"Zeme priv\u0101tm\u0101jai Iecav\u0101 - Apb\u016bves gabali Iecav\u0101","isPartOf":{"@id":"https:\/\/jaunozoli.lv\/#website"},"primaryImageOfPage":{"@id":"https:\/\/jaunozoli.lv\/#primaryimage"},"image":{"@id":"https:\/\/jaunozoli.lv\/#primaryimage"},"thumbnailUrl":"http:\/\/jaunozoli.lv\/wp-content\/uploads\/2025\/05\/jaunozoli-apbuves-gabali-min.jpg","datePublished":"2025-04-20T17:43:33+00:00","dateModified":"2025-07-06T05:46:04+00:00","description":"Zeme priv\u0101tm\u0101jai Iecavas pils\u0113tas teritorij\u0101 \u2013 lieliska iesp\u0113ja ieg\u0101d\u0101ties \u012bpa\u0161umu topo\u0161aj\u0101 apb\u016bves rajon\u0101","breadcrumb":{"@id":"https:\/\/jaunozoli.lv\/#breadcrumb"},"inLanguage":"en-US","potentialAction":[{"@type":"ReadAction","target":["https:\/\/jaunozoli.lv\/"]}]},{"@type":"ImageObject","inLanguage":"en-US","@id":"https:\/\/jaunozoli.lv\/#primaryimage","url":"http:\/\/jaunozoli.lv\/wp-content\/uploads\/2025\/05\/jaunozoli-apbuves-gabali-min.jpg","contentUrl":"http:\/\/jaunozoli.lv\/wp-content\/uploads\/2025\/05\/jaunozoli-apbuves-gabali-min.jpg"},{"@type":"BreadcrumbList","@id":"https:\/\/jaunozoli.lv\/#breadcrumb","itemListElement":[{"@type":"ListItem","position":1,"name":"S\u0101kums","item":"https:\/\/jaunozoli.lv\/"},{"@type":"ListItem","position":2,"name":"Zeme priv\u0101tm\u0101jai Iecav\u0101"}]},{"@type":"WebSite","@id":"https:\/\/jaunozoli.lv\/#website","url":"https:\/\/jaunozoli.lv\/","name":"Building plots in Iecava","description":"Your new home starts here!","publisher":{"@id":"https:\/\/jaunozoli.lv\/#\/schema\/person\/ba25ea7d048c36bd6e027f2cdc0c65b5"},"alternateName":"apb\u016bves gabali Iecava, zeme Iecav\u0101, zemes gabali Iecav\u0101, Iecava gabali","potentialAction":[{"@type":"SearchAction","target":{"@type":"EntryPoint","urlTemplate":"https:\/\/jaunozoli.lv\/?s={search_term_string}"},"query-input":{"@type":"PropertyValueSpecification","valueRequired":true,"valueName":"search_term_string"}}],"inLanguage":"en-US"},{"@type":["Person","Organization"],"@id":"https:\/\/jaunozoli.lv\/#\/schema\/person\/ba25ea7d048c36bd6e027f2cdc0c65b5","name":"Jaunozoli","image":{"@type":"ImageObject","inLanguage":"en-US","@id":"https:\/\/jaunozoli.lv\/#\/schema\/person\/image\/","url":"https:\/\/jaunozoli.lv\/wp-content\/uploads\/2025\/12\/cropped-cropped-jaunozoli.png","contentUrl":"https:\/\/jaunozoli.lv\/wp-content\/uploads\/2025\/12\/cropped-cropped-jaunozoli.png","width":512,"height":512,"caption":"Jaunozoli"},"logo":{"@id":"https:\/\/jaunozoli.lv\/#\/schema\/person\/image\/"},"sameAs":["http:\/\/jaunozoli.lv"],"url":"https:\/\/jaunozoli.lv\/en\/author\/arturs-vaveregmail-com\/"}]}},"_links":{"self":[{"href":"https:\/\/jaunozoli.lv\/en\/wp-json\/wp\/v2\/pages\/17","targetHints":{"allow":["GET"]}}],"collection":[{"href":"https:\/\/jaunozoli.lv\/en\/wp-json\/wp\/v2\/pages"}],"about":[{"href":"https:\/\/jaunozoli.lv\/en\/wp-json\/wp\/v2\/types\/page"}],"author":[{"embeddable":true,"href":"https:\/\/jaunozoli.lv\/en\/wp-json\/wp\/v2\/users\/1"}],"replies":[{"embeddable":true,"href":"https:\/\/jaunozoli.lv\/en\/wp-json\/wp\/v2\/comments?post=17"}],"version-history":[{"count":73,"href":"https:\/\/jaunozoli.lv\/en\/wp-json\/wp\/v2\/pages\/17\/revisions"}],"predecessor-version":[{"id":269,"href":"https:\/\/jaunozoli.lv\/en\/wp-json\/wp\/v2\/pages\/17\/revisions\/269"}],"wp:attachment":[{"href":"https:\/\/jaunozoli.lv\/en\/wp-json\/wp\/v2\/media?parent=17"}],"curies":[{"name":"wp","href":"https:\/\/api.w.org\/{rel}","templated":true}]}}